{"id":31777,"date":"2024-03-14T09:55:17","date_gmt":"2024-03-14T08:55:17","guid":{"rendered":"https:\/\/barrasparabares.com\/?page_id=31777"},"modified":"2024-03-14T09:58:15","modified_gmt":"2024-03-14T08:58:15","slug":"derecho-de-desistimiento","status":"publish","type":"page","link":"https:\/\/barrasparabares.com\/index.php\/derecho-de-desistimiento\/","title":{"rendered":"5.- Derecho de desistimiento"},"content":{"rendered":"\n<p>Derecho de desistimiento<\/p>\n\n\n\n<p>Informaci\u00f3n sobre el derecho de desistimiento y Modelo de formulario de desistimiento<\/p>\n\n\n\n<p>Los consumidores tienen el derecho de desistimiento conforme a las condiciones siguientes, entendi\u00e9ndose por consumidor cualquier persona f\u00edsica que celebre un negocio jur\u00eddico con una finalidad que no pueda atribuirse principalmente ni a su actividad comercial ni a su actividad profesional independiente:<\/p>\n\n\n\n<p>A. Informaci\u00f3n sobre el derecho de desistimiento<\/p>\n\n\n\n<p>Derecho de desistimiento<br>Tiene derecho a revocar este contrato dentro de un plazo de catorce d\u00edas, sin expresi\u00f3n de motivos.<\/p>\n\n\n\n<p>El plazo para la revocaci\u00f3n es de catorce d\u00edas a partir del d\u00eda en que usted o una tercera persona que usted haya nombrado y que no sea el expedidor, haya tomado posesi\u00f3n de la \u00faltima mercanc\u00eda.<\/p>\n\n\n\n<p>Para ejercer el derecho de desistimiento, deber\u00e1 usted notificarnos (Carmen Hermosilla del Toro, Avda. de la Paz, 25, 1\u00aa Esc, 2\u00ba C, 30170 Mula. Murcia , Tel.: 654387294, E-Mail: carpasfiesta.com@gmail.com) su decisi\u00f3n de desistir del contrato a trav\u00e9s de una declaraci\u00f3n inequ\u00edvoca (utilizando p. ej. un soporte duradero como una carta enviada por correo postal o correo electr\u00f3nico). Podr\u00e1 utilizar el modelo de formulario de desistimiento que figura a continuaci\u00f3n, aunque su uso no es obligatorio.<\/p>\n\n\n\n<p>Para cumplir el plazo de desistimiento, basta con que la comunicaci\u00f3n relativa al ejercicio por su parte del derecho de desistimiento sea enviada antes de que venza el plazo de desistimiento.<\/p>\n\n\n\n<p>Consecuencias del desistimiento<br>En caso de desistimiento por su parte, le devolveremos todos los pagos recibidos de usted, incluidos los gastos de entrega (con la excepci\u00f3n de los gastos adicionales resultantes de la elecci\u00f3n por su parte de una modalidad de entrega diferente a la modalidad menos costosa de entrega ordinaria que ofrezcamos) sin ninguna demora indebida y, en todo caso, a m\u00e1s tardar 14 d\u00edas a partir de la fecha en la que se nos informe de su decisi\u00f3n de desistir del presente contrato. Procederemos a efectuar dicho reembolso utilizando el mismo medio de pago empleado por usted para la transacci\u00f3n inicial, a no ser que haya usted dispuesto expresamente lo contrario; en todo caso, no incurrir\u00e1 en ning\u00fan gasto como consecuencia del reembolso. Podremos retener el reembolso hasta haber recibido los bienes, o hasta que usted haya presentado una prueba de la devoluci\u00f3n de los bienes, seg\u00fan qu\u00e9 condici\u00f3n se cumpla primero.<\/p>\n\n\n\n<p>Deber\u00e1 usted devolver o entregar los bienes a nosotros mismos, sin ninguna demora indebida y, en cualquier caso, a m\u00e1s tardar en el plazo de 14 d\u00edas a partir de la fecha en que nos comunique su decisi\u00f3n de desistimiento del contrato. Se considerar\u00e1 cumplido el plazo si efect\u00faa la devoluci\u00f3n de los bienes antes de que haya concluido el plazo de 14 d\u00edas.<\/p>\n\n\n\n<p>Los gastos directos de la devoluci\u00f3n de la mercanc\u00eda correr\u00e1n por su cuenta. Los gastos directos de devoluci\u00f3n de aquellas mercanc\u00edas que no puedan ser devueltas por correo ordinario debido a su naturaleza (mercanc\u00edas de gran peso o volumen) se estimar\u00e1n aproximadamente en 500 euros por cada mercanc\u00eda de este tipo.<\/p>\n\n\n\n<p>S\u00f3lo ser\u00e1 usted responsable de la depreciaci\u00f3n de valor de los bienes resultante de una manipulaci\u00f3n distinta a la necesaria para establecer la naturaleza, las caracter\u00edsticas y el funcionamiento de los bienes.<\/p>\n\n\n\n<p>Indicaciones generales<br>Evite da\u00f1ar o ensuciar las mercanc\u00edas. Env\u00edenos en la medida de lo posible la mercanc\u00eda en el embalaje original con todos los accesorios y componentes del embalaje. En caso necesario, utilice una envoltura exterior para proteger el embalaje. Si ya no dispone del embalaje original, utilice un embalaje adecuado para proteger de manera suficiente el contenido de los da\u00f1os ocasionados por el transporte. Tenga en cuenta que las indicaciones generales anteriores no son una condici\u00f3n para el ejercicio eficaz del derecho de desistimiento.<\/p>\n\n\n\n<p>B. Modelo de formulario de desistimiento<\/p>\n\n\n\n<p>Solo debe cumplimentar y enviar el presente formulario si desea desistir del contrato.<\/p>\n\n\n\n<p>Ecocarpas.com (Carmen Hermosilla del Toro)<br>Avda. de la Paz, 25, 1\u00aa Esc, 2\u00ba C<br>30170 Mula. Murcia<br>Espa\u00f1a<br>E-Mail: carpasfiesta.com@gmail.com<\/p>\n\n\n\n<p>Por la presente le comunico\/comunicamos (<em>) que desisto de mi\/desistimos de nuestro (<\/em>) contrato de venta del siguiente bien (*)<\/p>\n\n\n\n<hr class=\"wp-block-separator has-alpha-channel-opacity\"\/>\n\n\n\n<hr class=\"wp-block-separator has-alpha-channel-opacity\"\/>\n\n\n\n<p>Pedido el (<em>)\/&nbsp;<strong>_____&nbsp;\/ recibido el ()&nbsp;___________<\/strong><\/em><\/p>\n\n\n\n<hr class=\"wp-block-separator has-alpha-channel-opacity\"\/>\n\n\n\n<p>Nombre del consumidor o de los consumidores<\/p>\n\n\n\n<hr class=\"wp-block-separator has-alpha-channel-opacity\"\/>\n\n\n\n<p>Direcci\u00f3n del consumidor o de los consumidores<\/p>\n\n\n\n<hr class=\"wp-block-separator has-alpha-channel-opacity\"\/>\n\n\n\n<p>Firma del consumidor o de los consumidores (solo si el presente formulario se presenta en papel)<\/p>\n\n\n\n<hr class=\"wp-block-separator has-alpha-channel-opacity\"\/>\n\n\n\n<p>Fecha<\/p>\n\n\n\n<p>(*) T\u00e1chese lo que no proceda.<\/p>\n","protected":false},"excerpt":{"rendered":"<p>Derecho de desistimiento Informaci\u00f3n sobre el derecho de desistimiento y Modelo de formulario de desistimiento Los consumidores tienen el derecho de desistimiento conforme a las condiciones siguientes, entendi\u00e9ndose por consumidor cualquier persona f\u00edsica que celebre un negocio jur\u00eddico con una finalidad que no pueda atribuirse principalmente ni a su actividad comercial ni a su actividad [&hellip;]<\/p>\n","protected":false},"author":1,"featured_media":0,"parent":0,"menu_order":0,"comment_status":"closed","ping_status":"closed","template":"","meta":{"footnotes":""},"class_list":["post-31777","page","type-page","status-publish","hentry"],"_links":{"self":[{"href":"https:\/\/barrasparabares.com\/index.php\/wp-json\/wp\/v2\/pages\/31777","targetHints":{"allow":["GET"]}}],"collection":[{"href":"https:\/\/barrasparabares.com\/index.php\/wp-json\/wp\/v2\/pages"}],"about":[{"href":"https:\/\/barrasparabares.com\/index.php\/wp-json\/wp\/v2\/types\/page"}],"author":[{"embeddable":true,"href":"https:\/\/barrasparabares.com\/index.php\/wp-json\/wp\/v2\/users\/1"}],"replies":[{"embeddable":true,"href":"https:\/\/barrasparabares.com\/index.php\/wp-json\/wp\/v2\/comments?post=31777"}],"version-history":[{"count":2,"href":"https:\/\/barrasparabares.com\/index.php\/wp-json\/wp\/v2\/pages\/31777\/revisions"}],"predecessor-version":[{"id":31785,"href":"https:\/\/barrasparabares.com\/index.php\/wp-json\/wp\/v2\/pages\/31777\/revisions\/31785"}],"wp:attachment":[{"href":"https:\/\/barrasparabares.com\/index.php\/wp-json\/wp\/v2\/media?parent=31777"}],"curies":[{"name":"wp","href":"https:\/\/api.w.org\/{rel}","templated":true}]}}