{"id":7,"date":"2024-03-08T20:07:23","date_gmt":"2024-03-08T19:07:23","guid":{"rendered":"http:\/\/barrasparabares.com\/index.php\/cart\/"},"modified":"2024-03-14T09:51:40","modified_gmt":"2024-03-14T08:51:40","slug":"cart","status":"publish","type":"page","link":"https:\/\/barrasparabares.com\/index.php\/cart\/","title":{"rendered":"Carrito"},"content":{"rendered":"\n<div data-block-name=\"woocommerce\/cart\" class=\"wp-block-woocommerce-cart alignwide is-loading\">\n<div data-block-name=\"woocommerce\/filled-cart-block\" class=\"wp-block-woocommerce-filled-cart-block\">\n<div data-block-name=\"woocommerce\/cart-items-block\" class=\"wp-block-woocommerce-cart-items-block\">\n<div data-block-name=\"woocommerce\/cart-line-items-block\" class=\"wp-block-woocommerce-cart-line-items-block\"><\/div>\n\n\n\n<div data-block-name=\"woocommerce\/cart-cross-sells-block\" class=\"wp-block-woocommerce-cart-cross-sells-block\">\n<h2 class=\"wp-block-heading has-large-font-size\">You may be interested in\u2026<\/h2>\n\n\n\n<div data-block-name=\"woocommerce\/cart-cross-sells-products-block\" class=\"wp-block-woocommerce-cart-cross-sells-products-block\"><\/div>\n<\/div>\n<\/div>\n\n\n\n<div data-block-name=\"woocommerce\/cart-totals-block\" class=\"wp-block-woocommerce-cart-totals-block\">\n<div data-block-name=\"woocommerce\/cart-order-summary-block\" class=\"wp-block-woocommerce-cart-order-summary-block\">\n<div data-block-name=\"woocommerce\/cart-order-summary-heading-block\" class=\"wp-block-woocommerce-cart-order-summary-heading-block\"><\/div><div data-block-name=\"woocommerce\/cart-order-summary-coupon-form-block\" class=\"wp-block-woocommerce-cart-order-summary-coupon-form-block\"><\/div><div data-block-name=\"woocommerce\/cart-order-summary-totals-block\" class=\"wp-block-woocommerce-cart-order-summary-totals-block\">\n<div data-block-name=\"woocommerce\/cart-order-summary-subtotal-block\" class=\"wp-block-woocommerce-cart-order-summary-subtotal-block\"><\/div>\n<div data-block-name=\"woocommerce\/cart-order-summary-discount-block\" class=\"wp-block-woocommerce-cart-order-summary-discount-block\"><\/div>\n<div data-block-name=\"woocommerce\/cart-order-summary-fee-block\" class=\"wp-block-woocommerce-cart-order-summary-fee-block\"><\/div>\n<div data-block-name=\"woocommerce\/cart-order-summary-shipping-block\" class=\"wp-block-woocommerce-cart-order-summary-shipping-block\"><\/div>\n<div data-block-name=\"woocommerce\/cart-order-summary-taxes-block\" class=\"wp-block-woocommerce-cart-order-summary-taxes-block\"><\/div><\/div>\n<\/div>\n\n\n\n<div data-block-name=\"woocommerce-paypal-payments\/cart-paylater-messages\" data-pp-placement=\"cart\" data-pp-style-layout=\"text\" data-pp-style-logo-position=\"left\" data-pp-style-logo-type=\"inline\" data-pp-style-text-color=\"black\" data-pp-style-text-size=\"\" id=\"ppcp-cart-paylater-messages\" class=\"ppcp-messages\" data-partner-attribution-id=\"Woo_PPCP\"><\/div><div data-block-name=\"woocommerce\/cart-express-payment-block\" class=\"wp-block-woocommerce-cart-express-payment-block\"><\/div>\n\n\n\n<div data-block-name=\"woocommerce\/proceed-to-checkout-block\" class=\"wp-block-woocommerce-proceed-to-checkout-block\"><\/div>\n\n\n\n<div data-block-name=\"woocommerce\/cart-accepted-payment-methods-block\" class=\"wp-block-woocommerce-cart-accepted-payment-methods-block\"><\/div>\n<\/div>\n<\/div>\n\n\n\n<div data-block-name=\"woocommerce\/empty-cart-block\" class=\"wp-block-woocommerce-empty-cart-block\">\n<h2 class=\"wp-block-heading has-text-align-center with-empty-cart-icon wc-block-cart__empty-cart__title\">Your cart is currently empty!<\/h2>\n\n\n\n<hr class=\"wp-block-separator has-alpha-channel-opacity is-style-dots\"\/>\n\n\n\n<h2 class=\"wp-block-heading has-text-align-center\">New in store<\/h2>\n\n\n<div data-block-name=\"woocommerce\/product-new\" data-columns=\"4\" data-rows=\"1\" class=\"wc-block-grid wp-block-product-new wp-block-woocommerce-product-new wc-block-product-new has-4-columns\"><ul class=\"wc-block-grid__products\"><li class=\"wc-block-grid__product\">\n\t\t\t\t<a href=\"https:\/\/barrasparabares.com\/index.php\/product\/barra-de-madera-laminas-horizontales-envio-a-portugal\/\" class=\"wc-block-grid__product-link\">\n\t\t\t\t\t<div class=\"wc-block-grid__product-onsale\">\n\t\t\t<span aria-hidden=\"true\">Oferta<\/span>\n\t\t\t<span class=\"screen-reader-text\">Producto en oferta<\/span>\n\t\t<\/div>\n\t\t\t\t\t<div class=\"wc-block-grid__product-image\"><img loading=\"lazy\" decoding=\"async\" width=\"600\" height=\"480\" src=\"https:\/\/barrasparabares.com\/wp-content\/uploads\/2024\/05\/1-1-600x480.webp\" class=\"attachment-woocommerce_thumbnail size-woocommerce_thumbnail\" alt=\"Barra de Madera L\u00e1minas Horizontales, Env\u00edo a Portugal\" \/><\/div>\n\t\t\t\t\t<div class=\"wc-block-grid__product-title\">Barra de Madera L\u00e1minas Horizontales, Env\u00edo a Portugal<\/div>\n\t\t\t\t<\/a>\n\t\t\t\t<div class=\"wc-block-grid__product-price price\"><del aria-hidden=\"true\"><span class=\"woocommerce-Price-amount amount\">480,00&nbsp;<span class=\"woocommerce-Price-currencySymbol\">&euro;<\/span><\/span><\/del> <span class=\"screen-reader-text\">El precio original era: 480,00&nbsp;&euro;.<\/span><ins aria-hidden=\"true\"><span class=\"woocommerce-Price-amount amount\">450,00&nbsp;<span class=\"woocommerce-Price-currencySymbol\">&euro;<\/span><\/span><\/ins><span class=\"screen-reader-text\">El precio actual es: 450,00&nbsp;&euro;.<\/span><\/div>\n\t\t\t\t\n\t\t\t\t<div class=\"wp-block-button wc-block-grid__product-add-to-cart\"><a href=\"\/index.php\/wp-json\/wp\/v2\/pages\/7?add-to-cart=32008\" aria-label=\"A\u00f1adir al carrito: &ldquo;Barra de Madera L\u00e1minas Horizontales, Env\u00edo a Portugal&rdquo;\" data-quantity=\"1\" data-product_id=\"32008\" data-product_sku=\"\" data-price=\"450\" rel=\"nofollow\" class=\"wp-block-button__link  add_to_cart_button ajax_add_to_cart\">A\u00f1adir al carrito<\/a><\/div>\n\t\t\t<\/li><li class=\"wc-block-grid__product\">\n\t\t\t\t<a href=\"https:\/\/barrasparabares.com\/index.php\/product\/cabina-de-madera-para-dj-pro\/\" class=\"wc-block-grid__product-link\">\n\t\t\t\t\t<div class=\"wc-block-grid__product-onsale\">\n\t\t\t<span aria-hidden=\"true\">Oferta<\/span>\n\t\t\t<span class=\"screen-reader-text\">Producto en oferta<\/span>\n\t\t<\/div>\n\t\t\t\t\t<div class=\"wc-block-grid__product-image\"><img loading=\"lazy\" decoding=\"async\" width=\"577\" height=\"433\" src=\"https:\/\/barrasparabares.com\/wp-content\/uploads\/2024\/05\/CABINA-MESA-DJ-PRO-BLANCA-removebg-preview.png\" class=\"attachment-woocommerce_thumbnail size-woocommerce_thumbnail\" alt=\"Cabina de madera para DJ PRO\" srcset=\"https:\/\/barrasparabares.com\/wp-content\/uploads\/2024\/05\/CABINA-MESA-DJ-PRO-BLANCA-removebg-preview.png 577w, https:\/\/barrasparabares.com\/wp-content\/uploads\/2024\/05\/CABINA-MESA-DJ-PRO-BLANCA-removebg-preview-300x225.png 300w\" sizes=\"auto, (max-width: 577px) 100vw, 577px\" \/><\/div>\n\t\t\t\t\t<div class=\"wc-block-grid__product-title\">Cabina de madera para DJ PRO<\/div>\n\t\t\t\t<\/a>\n\t\t\t\t<div class=\"wc-block-grid__product-price price\"><del aria-hidden=\"true\"><span class=\"woocommerce-Price-amount amount\">1.020,00&nbsp;<span class=\"woocommerce-Price-currencySymbol\">&euro;<\/span><\/span><\/del> <span class=\"screen-reader-text\">El precio original era: 1.020,00&nbsp;&euro;.<\/span><ins aria-hidden=\"true\"><span class=\"woocommerce-Price-amount amount\">800,00&nbsp;<span class=\"woocommerce-Price-currencySymbol\">&euro;<\/span><\/span><\/ins><span class=\"screen-reader-text\">El precio actual es: 800,00&nbsp;&euro;.<\/span><\/div>\n\t\t\t\t\n\t\t\t\t<div class=\"wp-block-button wc-block-grid__product-add-to-cart\"><a href=\"\/index.php\/wp-json\/wp\/v2\/pages\/7?add-to-cart=31982\" aria-label=\"A\u00f1adir al carrito: &ldquo;Cabina de madera para DJ PRO&rdquo;\" data-quantity=\"1\" data-product_id=\"31982\" data-product_sku=\"\" data-price=\"800\" rel=\"nofollow\" class=\"wp-block-button__link  add_to_cart_button ajax_add_to_cart\">A\u00f1adir al carrito<\/a><\/div>\n\t\t\t<\/li><li class=\"wc-block-grid__product\">\n\t\t\t\t<a href=\"https:\/\/barrasparabares.com\/index.php\/product\/mostrador-doble-altura\/\" class=\"wc-block-grid__product-link\">\n\t\t\t\t\t<div class=\"wc-block-grid__product-onsale\">\n\t\t\t<span aria-hidden=\"true\">Oferta<\/span>\n\t\t\t<span class=\"screen-reader-text\">Producto en oferta<\/span>\n\t\t<\/div>\n\t\t\t\t\t<div class=\"wc-block-grid__product-image\"><img loading=\"lazy\" decoding=\"async\" width=\"500\" height=\"500\" src=\"https:\/\/barrasparabares.com\/wp-content\/uploads\/2024\/05\/barrademaderadoblealtura__1_-removebg-preview-1.png\" class=\"attachment-woocommerce_thumbnail size-woocommerce_thumbnail\" alt=\"Mostrador Doble Altura\" srcset=\"https:\/\/barrasparabares.com\/wp-content\/uploads\/2024\/05\/barrademaderadoblealtura__1_-removebg-preview-1.png 500w, https:\/\/barrasparabares.com\/wp-content\/uploads\/2024\/05\/barrademaderadoblealtura__1_-removebg-preview-1-300x300.png 300w, https:\/\/barrasparabares.com\/wp-content\/uploads\/2024\/05\/barrademaderadoblealtura__1_-removebg-preview-1-150x150.png 150w, https:\/\/barrasparabares.com\/wp-content\/uploads\/2024\/05\/barrademaderadoblealtura__1_-removebg-preview-1-100x100.png 100w\" sizes=\"auto, (max-width: 500px) 100vw, 500px\" \/><\/div>\n\t\t\t\t\t<div class=\"wc-block-grid__product-title\">Mostrador Doble Altura<\/div>\n\t\t\t\t<\/a>\n\t\t\t\t<div class=\"wc-block-grid__product-price price\"><del aria-hidden=\"true\"><span class=\"woocommerce-Price-amount amount\">650,00&nbsp;<span class=\"woocommerce-Price-currencySymbol\">&euro;<\/span><\/span><\/del> <span class=\"screen-reader-text\">El precio original era: 650,00&nbsp;&euro;.<\/span><ins aria-hidden=\"true\"><span class=\"woocommerce-Price-amount amount\">500,00&nbsp;<span class=\"woocommerce-Price-currencySymbol\">&euro;<\/span><\/span><\/ins><span class=\"screen-reader-text\">El precio actual es: 500,00&nbsp;&euro;.<\/span><\/div>\n\t\t\t\t\n\t\t\t\t<div class=\"wp-block-button wc-block-grid__product-add-to-cart\"><a href=\"\/index.php\/wp-json\/wp\/v2\/pages\/7?add-to-cart=31973\" aria-label=\"A\u00f1adir al carrito: &ldquo;Mostrador Doble Altura&rdquo;\" data-quantity=\"1\" data-product_id=\"31973\" data-product_sku=\"\" data-price=\"500\" rel=\"nofollow\" class=\"wp-block-button__link  add_to_cart_button ajax_add_to_cart\">A\u00f1adir al carrito<\/a><\/div>\n\t\t\t<\/li><li class=\"wc-block-grid__product\">\n\t\t\t\t<a href=\"https:\/\/barrasparabares.com\/index.php\/product\/barra-de-madera-a-elegir-con-soporte-de-copas\/\" class=\"wc-block-grid__product-link\">\n\t\t\t\t\t<div class=\"wc-block-grid__product-onsale\">\n\t\t\t<span aria-hidden=\"true\">Oferta<\/span>\n\t\t\t<span class=\"screen-reader-text\">Producto en oferta<\/span>\n\t\t<\/div>\n\t\t\t\t\t<div class=\"wc-block-grid__product-image\"><img loading=\"lazy\" decoding=\"async\" width=\"500\" height=\"500\" src=\"https:\/\/barrasparabares.com\/wp-content\/uploads\/2024\/05\/barra-copero-1.png\" class=\"attachment-woocommerce_thumbnail size-woocommerce_thumbnail\" alt=\"Barra de madera a elegir Con Soporte de Copas\" srcset=\"https:\/\/barrasparabares.com\/wp-content\/uploads\/2024\/05\/barra-copero-1.png 500w, https:\/\/barrasparabares.com\/wp-content\/uploads\/2024\/05\/barra-copero-1-300x300.png 300w, https:\/\/barrasparabares.com\/wp-content\/uploads\/2024\/05\/barra-copero-1-150x150.png 150w, https:\/\/barrasparabares.com\/wp-content\/uploads\/2024\/05\/barra-copero-1-100x100.png 100w\" sizes=\"auto, (max-width: 500px) 100vw, 500px\" \/><\/div>\n\t\t\t\t\t<div class=\"wc-block-grid__product-title\">Barra de madera a elegir Con Soporte de Copas<\/div>\n\t\t\t\t<\/a>\n\t\t\t\t<div class=\"wc-block-grid__product-price price\"><del aria-hidden=\"true\"><span class=\"woocommerce-Price-amount amount\">750,00&nbsp;<span class=\"woocommerce-Price-currencySymbol\">&euro;<\/span><\/span><\/del> <span class=\"screen-reader-text\">El precio original era: 750,00&nbsp;&euro;.<\/span><ins aria-hidden=\"true\"><span class=\"woocommerce-Price-amount amount\">600,00&nbsp;<span class=\"woocommerce-Price-currencySymbol\">&euro;<\/span><\/span><\/ins><span class=\"screen-reader-text\">El precio actual es: 600,00&nbsp;&euro;.<\/span><\/div>\n\t\t\t\t\n\t\t\t\t<div class=\"wp-block-button wc-block-grid__product-add-to-cart\"><a href=\"\/index.php\/wp-json\/wp\/v2\/pages\/7?add-to-cart=31960\" aria-label=\"A\u00f1adir al carrito: &ldquo;Barra de madera a elegir Con Soporte de Copas&rdquo;\" data-quantity=\"1\" data-product_id=\"31960\" data-product_sku=\"\" data-price=\"600\" rel=\"nofollow\" class=\"wp-block-button__link  add_to_cart_button ajax_add_to_cart\">A\u00f1adir al carrito<\/a><\/div>\n\t\t\t<\/li><\/ul><\/div><\/div>\n<\/div>\n","protected":false},"excerpt":{"rendered":"You may be interested in\u2026 Your cart is currently empty! New in store","protected":false},"author":1,"featured_media":0,"parent":0,"menu_order":0,"comment_status":"closed","ping_status":"closed","template":"","meta":{"footnotes":""},"class_list":["post-7","page","type-page","status-publish","hentry"],"_links":{"self":[{"href":"https:\/\/barrasparabares.com\/index.php\/wp-json\/wp\/v2\/pages\/7","targetHints":{"allow":["GET"]}}],"collection":[{"href":"https:\/\/barrasparabares.com\/index.php\/wp-json\/wp\/v2\/pages"}],"about":[{"href":"https:\/\/barrasparabares.com\/index.php\/wp-json\/wp\/v2\/types\/page"}],"author":[{"embeddable":true,"href":"https:\/\/barrasparabares.com\/index.php\/wp-json\/wp\/v2\/users\/1"}],"replies":[{"embeddable":true,"href":"https:\/\/barrasparabares.com\/index.php\/wp-json\/wp\/v2\/comments?post=7"}],"version-history":[{"count":1,"href":"https:\/\/barrasparabares.com\/index.php\/wp-json\/wp\/v2\/pages\/7\/revisions"}],"predecessor-version":[{"id":31776,"href":"https:\/\/barrasparabares.com\/index.php\/wp-json\/wp\/v2\/pages\/7\/revisions\/31776"}],"wp:attachment":[{"href":"https:\/\/barrasparabares.com\/index.php\/wp-json\/wp\/v2\/media?parent=7"}],"curies":[{"name":"wp","href":"https:\/\/api.w.org\/{rel}","templated":true}]}}