{"id":31960,"date":"2024-05-06T23:06:44","date_gmt":"2024-05-06T21:06:44","guid":{"rendered":"https:\/\/barrasparabares.com\/?post_type=product&#038;p=31960"},"modified":"2024-05-06T23:12:28","modified_gmt":"2024-05-06T21:12:28","slug":"barra-de-madera-a-elegir-con-soporte-de-copas","status":"publish","type":"product","link":"https:\/\/barrasparabares.com\/index.php\/product\/barra-de-madera-a-elegir-con-soporte-de-copas\/","title":{"rendered":"Barra de madera a elegir Con Soporte de Copas"},"content":{"rendered":"<p><strong>BARRA DE MADERA COPERO<\/strong>, el producto perfecto para el sector de la hosteler\u00eda, restauraci\u00f3n y caterings a un precio imbatible.<\/p>\n<p>Te ofrecemos este <strong>mostrador de madera<\/strong>\u00a0que adem\u00e1s de tener un dise\u00f1o original es f\u00e1cil de montar, desmontar y transportar.<\/p>\n<p>Nuestras\u00a0<strong>barras de madera plegables<\/strong>\u00a0son muy pr\u00e1cticas y resistentes, ya que si quiere transportarlas, sus laterales y la parte superior son plegables, quedando un rect\u00e1ngulo \u00abcasi plano\u00bb reduciendo as\u00ed su volumen y siendo muy f\u00e1cil su transporte.<\/p>\n<p>Tenemos la opci\u00f3n de fabricar la barra de madera listada con muebles interiores, etc. No deje escapar esta oportunidad para sus eventos y celebraciones con nuestras barras de fabricaci\u00f3n propia (no son importadas).<\/p>\n<p><strong>Elige el acabado que quiera<\/strong>, tanto para la encimera como para la parte inferior (blanco normal o desgastado, roble envejecido, nogal, negra\u2026)<\/p>\n<p>Lo que hace especial a nuestra\u00a0<strong>BARRA DE MADERA COPERO<\/strong>\u00a0es la presencia de una estructura en la parte posterior de la mencionada anteriormente utilizada para colocar las copas de manera que el hacer uso de ellas sea m\u00e1s f\u00e1cil. \u00datil y f\u00e1cil de montar, ideal para eventos como bodas, comuniones, celebraciones\u2026<\/p>\n<p>Adem\u00e1s estas barras est\u00e1n fabricadas en madera de pino macizo de primera calidad y posteriormente pintadas para darle el acabado que desees sin coste adicional. Disponemos de un gran numero de colores y acabados que hacen que estas barras sean la joya de las barras de madera. Adapta tu copero a tu barra para hacer del complemento perfecto, un disfrute de estas gran barras.<\/p>\n<p>Puedes combinar tu barra de madera copero con otro tipo de barra para conseguir un gran descuento en el precio final.<\/p>\n<h3><strong>Plazo de entrega aproximado: 15 d\u00edas laborables\u00a0<\/strong><\/h3>\n","protected":false},"excerpt":{"rendered":"<p>Barra de madera de pino macizo de gran calidad. Fabricado con superficie para colocar las copas. Elige el acabado que prefiera.<\/p>\n<p>Medida est\u00e1ndar: 175 cm largo x 50 cm ancho x 106 cm altura.<\/p>\n<p>Hacemos en otras medidas si lo prefiere.<\/p>\n<p>Opci\u00f3n de poner balda interior. 50\u20ac IVA incluido.<\/p>\n","protected":false},"featured_media":31972,"template":"","meta":[],"product_brand":[],"product_cat":[121],"product_tag":[],"class_list":{"0":"post-31960","1":"product","2":"type-product","3":"status-publish","4":"has-post-thumbnail","6":"product_cat-barras-de-madera","8":"first","9":"instock","10":"sale","11":"taxable","12":"shipping-taxable","13":"purchasable","14":"product-type-simple"},"_links":{"self":[{"href":"https:\/\/barrasparabares.com\/index.php\/wp-json\/wp\/v2\/product\/31960","targetHints":{"allow":["GET"]}}],"collection":[{"href":"https:\/\/barrasparabares.com\/index.php\/wp-json\/wp\/v2\/product"}],"about":[{"href":"https:\/\/barrasparabares.com\/index.php\/wp-json\/wp\/v2\/types\/product"}],"wp:featuredmedia":[{"embeddable":true,"href":"https:\/\/barrasparabares.com\/index.php\/wp-json\/wp\/v2\/media\/31972"}],"wp:attachment":[{"href":"https:\/\/barrasparabares.com\/index.php\/wp-json\/wp\/v2\/media?parent=31960"}],"wp:term":[{"taxonomy":"product_brand","embeddable":true,"href":"https:\/\/barrasparabares.com\/index.php\/wp-json\/wp\/v2\/product_brand?post=31960"},{"taxonomy":"product_cat","embeddable":true,"href":"https:\/\/barrasparabares.com\/index.php\/wp-json\/wp\/v2\/product_cat?post=31960"},{"taxonomy":"product_tag","embeddable":true,"href":"https:\/\/barrasparabares.com\/index.php\/wp-json\/wp\/v2\/product_tag?post=31960"}],"curies":[{"name":"wp","href":"https:\/\/api.w.org\/{rel}","templated":true}]}}